{"id":384,"date":"2025-01-15T17:46:49","date_gmt":"2025-01-15T17:46:49","guid":{"rendered":"https:\/\/anatecsolutions.hr\/?page_id=384"},"modified":"2025-02-15T18:33:21","modified_gmt":"2025-02-15T18:33:21","slug":"o-nama","status":"publish","type":"page","link":"https:\/\/anatecsolutions.hr\/index.php\/o-nama\/","title":{"rendered":"O Nama"},"content":{"rendered":"\t\t<div data-elementor-type=\"wp-page\" data-elementor-id=\"384\" class=\"elementor elementor-384\" data-elementor-settings=\"{&quot;element_pack_global_tooltip_width&quot;:{&quot;unit&quot;:&quot;px&quot;,&quot;size&quot;:&quot;&quot;,&quot;sizes&quot;:[]},&quot;element_pack_global_tooltip_width_tablet&quot;:{&quot;unit&quot;:&quot;px&quot;,&quot;size&quot;:&quot;&quot;,&quot;sizes&quot;:[]},&quot;element_pack_global_tooltip_width_mobile&quot;:{&quot;unit&quot;:&quot;px&quot;,&quot;size&quot;:&quot;&quot;,&quot;sizes&quot;:[]},&quot;element_pack_global_tooltip_padding&quot;:{&quot;unit&quot;:&quot;px&quot;,&quot;top&quot;:&quot;&quot;,&quot;right&quot;:&quot;&quot;,&quot;bottom&quot;:&quot;&quot;,&quot;left&quot;:&quot;&quot;,&quot;isLinked&quot;:true},&quot;element_pack_global_tooltip_padding_tablet&quot;:{&quot;unit&quot;:&quot;px&quot;,&quot;top&quot;:&quot;&quot;,&quot;right&quot;:&quot;&quot;,&quot;bottom&quot;:&quot;&quot;,&quot;left&quot;:&quot;&quot;,&quot;isLinked&quot;:true},&quot;element_pack_global_tooltip_padding_mobile&quot;:{&quot;unit&quot;:&quot;px&quot;,&quot;top&quot;:&quot;&quot;,&quot;right&quot;:&quot;&quot;,&quot;bottom&quot;:&quot;&quot;,&quot;left&quot;:&quot;&quot;,&quot;isLinked&quot;:true},&quot;element_pack_global_tooltip_border_radius&quot;:{&quot;unit&quot;:&quot;px&quot;,&quot;top&quot;:&quot;&quot;,&quot;right&quot;:&quot;&quot;,&quot;bottom&quot;:&quot;&quot;,&quot;left&quot;:&quot;&quot;,&quot;isLinked&quot;:true},&quot;element_pack_global_tooltip_border_radius_tablet&quot;:{&quot;unit&quot;:&quot;px&quot;,&quot;top&quot;:&quot;&quot;,&quot;right&quot;:&quot;&quot;,&quot;bottom&quot;:&quot;&quot;,&quot;left&quot;:&quot;&quot;,&quot;isLinked&quot;:true},&quot;element_pack_global_tooltip_border_radius_mobile&quot;:{&quot;unit&quot;:&quot;px&quot;,&quot;top&quot;:&quot;&quot;,&quot;right&quot;:&quot;&quot;,&quot;bottom&quot;:&quot;&quot;,&quot;left&quot;:&quot;&quot;,&quot;isLinked&quot;:true}}\">\n\t\t\t\t\t\t<div class=\"elementor-section elementor-top-section elementor-element elementor-element-953c95c elementor-section-full_width animated-slow elementor-section-height-default elementor-section-height-default elementor-invisible\" data-id=\"953c95c\" data-element_type=\"section\" data-settings=\"{&quot;background_background&quot;:&quot;classic&quot;,&quot;animation&quot;:&quot;fadeIn&quot;,&quot;animation_delay&quot;:50}\">\n\t\t\t\t\t\t<div class=\"elementor-container elementor-column-gap-no\">\n\t\t\t\t\t<div class=\"elementor-column elementor-col-50 elementor-top-column elementor-element elementor-element-7b287407 ui-col-align-left\" data-id=\"7b287407\" data-element_type=\"column\">\n\t\t\t<div class=\"elementor-widget-wrap elementor-element-populated\">\n\t\t\t\t\t\t<div class=\"elementor-element elementor-element-25c9dbe3 ui-borderanim-rotate ui-gradient elementor-widget__width-initial elementor-widget-mobile__width-auto elementor-widget elementor-widget-heading\" data-id=\"25c9dbe3\" data-element_type=\"widget\" data-widget_type=\"heading.default\">\n\t\t\t\t<div class=\"elementor-widget-container\">\n\t\t\t\t\t<h6 class=\"elementor-heading-title elementor-size-default\">O Nama<\/h6>\t\t\t\t<\/div>\n\t\t\t\t<\/div>\n\t\t\t\t<div class=\"elementor-element elementor-element-73c6b388 elementor-invisible elementor-widget elementor-widget-heading\" data-id=\"73c6b388\" data-element_type=\"widget\" data-settings=\"{&quot;_animation&quot;:&quot;fadeInUp&quot;,&quot;_animation_delay&quot;:600}\" data-widget_type=\"heading.default\">\n\t\t\t\t<div class=\"elementor-widget-container\">\n\t\t\t\t\t<h1 class=\"elementor-heading-title elementor-size-default\">Anatec Solutions \u2013 Pametna rje\u0161enja za modernu maloprodaju<\/h1>\t\t\t\t<\/div>\n\t\t\t\t<\/div>\n\t\t\t\t<div class=\"elementor-element elementor-element-37517cf6 elementor-widget__width-initial elementor-widget-tablet__width-initial elementor-widget-mobile__width-inherit elementor-invisible elementor-widget elementor-widget-text-editor\" data-id=\"37517cf6\" data-element_type=\"widget\" data-settings=\"{&quot;_animation&quot;:&quot;fadeInUp&quot;,&quot;_animation_delay&quot;:800}\" data-widget_type=\"text-editor.default\">\n\t\t\t\t<div class=\"elementor-widget-container\">\n\t\t\t\t\t\t\t\t\t<p class=\"o_default_snippet_text\">U Anatec Solutions vjerujemo da tehnologija mo\u017ee unaprijediti maloprodaju na svaki mogu\u0107i na\u010din. Pomo\u0107u napredne umjetne inteligencije i ra\u010dunalnog vida, omogu\u0107ujemo trgovcima pove\u0107anje profita kroz pobolj\u0161ano iskustvo kupovine. Na\u0161a rje\u0161enja koriste postoje\u0107e CCTV sustave i potpuno su uskla\u0111ena s GDPR regulativama, osiguravaju\u0107i sigurnost podataka i privatnost.<\/p>\t\t\t\t\t\t\t\t<\/div>\n\t\t\t\t<\/div>\n\t\t\t\t<div class=\"elementor-element elementor-element-5c118a27 elementor-widget elementor-widget-spacer\" data-id=\"5c118a27\" data-element_type=\"widget\" data-widget_type=\"spacer.default\">\n\t\t\t\t<div class=\"elementor-widget-container\">\n\t\t\t\t\t\t\t<div class=\"elementor-spacer\">\n\t\t\t<div class=\"elementor-spacer-inner\"><\/div>\n\t\t<\/div>\n\t\t\t\t\t\t<\/div>\n\t\t\t\t<\/div>\n\t\t\t\t\t<\/div>\n\t\t<\/div>\n\t\t\t\t<div class=\"elementor-column elementor-col-50 elementor-top-column elementor-element elementor-element-417d7fd7\" data-id=\"417d7fd7\" data-element_type=\"column\">\n\t\t\t<div class=\"elementor-widget-wrap elementor-element-populated\">\n\t\t\t\t\t\t<div class=\"elementor-section elementor-inner-section elementor-element elementor-element-a253ea9 elementor-section-boxed elementor-section-height-default elementor-section-height-default\" data-id=\"a253ea9\" data-element_type=\"section\">\n\t\t\t\t\t\t<div class=\"elementor-container elementor-column-gap-default\">\n\t\t\t\t\t<div class=\"elementor-column elementor-col-100 elementor-inner-column elementor-element elementor-element-7fd6223a\" data-id=\"7fd6223a\" data-element_type=\"column\">\n\t\t\t<div class=\"elementor-widget-wrap elementor-element-populated\">\n\t\t\t\t\t\t<div class=\"elementor-element elementor-element-1174257 elementor-invisible elementor-widget elementor-widget-image\" data-id=\"1174257\" data-element_type=\"widget\" data-settings=\"{&quot;_animation&quot;:&quot;fadeInRight&quot;,&quot;_animation_delay&quot;:1000}\" data-widget_type=\"image.default\">\n\t\t\t\t<div class=\"elementor-widget-container\">\n\t\t\t\t\t\t\t\t\t\t\t\t\t\t\t<img fetchpriority=\"high\" decoding=\"async\" width=\"1000\" height=\"700\" src=\"https:\/\/anatecsolutions.hr\/wp-content\/uploads\/2025\/02\/anatec-solutions-o-nama-1.webp\" class=\"attachment-full size-full wp-image-513\" alt=\"\" srcset=\"https:\/\/anatecsolutions.hr\/wp-content\/uploads\/2025\/02\/anatec-solutions-o-nama-1.webp 1000w, https:\/\/anatecsolutions.hr\/wp-content\/uploads\/2025\/02\/anatec-solutions-o-nama-1-300x210.webp 300w, https:\/\/anatecsolutions.hr\/wp-content\/uploads\/2025\/02\/anatec-solutions-o-nama-1-768x538.webp 768w, https:\/\/anatecsolutions.hr\/wp-content\/uploads\/2025\/02\/anatec-solutions-o-nama-1-650x455.webp 650w\" sizes=\"(max-width: 1000px) 100vw, 1000px\" \/>\t\t\t\t\t\t\t\t\t\t\t\t\t\t\t<\/div>\n\t\t\t\t<\/div>\n\t\t\t\t\t<\/div>\n\t\t<\/div>\n\t\t\t\t\t<\/div>\n\t\t<\/div>\n\t\t\t\t\t<\/div>\n\t\t<\/div>\n\t\t\t\t\t<\/div>\n\t\t<\/div>\n\t\t\t\t<div class=\"elementor-section elementor-top-section elementor-element elementor-element-25736de1 elementor-section-boxed elementor-section-height-default elementor-section-height-default\" data-id=\"25736de1\" data-element_type=\"section\">\n\t\t\t\t\t\t<div class=\"elementor-container elementor-column-gap-default\">\n\t\t\t\t\t<div class=\"elementor-column elementor-col-100 elementor-top-column elementor-element elementor-element-6fe457d3 ui-col-align-right\" data-id=\"6fe457d3\" data-element_type=\"column\">\n\t\t\t<div class=\"elementor-widget-wrap elementor-element-populated\">\n\t\t\t\t\t\t<div class=\"elementor-element elementor-element-248dbeb2 elementor-widget elementor-widget-spacer\" data-id=\"248dbeb2\" data-element_type=\"widget\" data-widget_type=\"spacer.default\">\n\t\t\t\t<div class=\"elementor-widget-container\">\n\t\t\t\t\t\t\t<div class=\"elementor-spacer\">\n\t\t\t<div class=\"elementor-spacer-inner\"><\/div>\n\t\t<\/div>\n\t\t\t\t\t\t<\/div>\n\t\t\t\t<\/div>\n\t\t\t\t<div class=\"elementor-element elementor-element-5ecf050f elementor-widget__width-initial elementor-widget-tablet__width-initial elementor-widget-mobile__width-inherit animated-fast elementor-invisible elementor-widget elementor-widget-heading\" data-id=\"5ecf050f\" data-element_type=\"widget\" data-settings=\"{&quot;_animation&quot;:&quot;fadeInUp&quot;,&quot;_animation_delay&quot;:750}\" data-widget_type=\"heading.default\">\n\t\t\t\t<div class=\"elementor-widget-container\">\n\t\t\t\t\t<h2 class=\"elementor-heading-title elementor-size-default\">\u0160to dobivate s nama?<\/h2>\t\t\t\t<\/div>\n\t\t\t\t<\/div>\n\t\t\t\t<div class=\"elementor-element elementor-element-4ab08638 elementor-widget__width-initial elementor-widget-tablet__width-initial elementor-widget-mobile__width-inherit animated-fast elementor-invisible elementor-widget elementor-widget-text-editor\" data-id=\"4ab08638\" data-element_type=\"widget\" data-settings=\"{&quot;_animation&quot;:&quot;fadeInUp&quot;,&quot;_animation_delay&quot;:900}\" data-widget_type=\"text-editor.default\">\n\t\t\t\t<div class=\"elementor-widget-container\">\n\t\t\t\t\t\t\t\t\t<p>Na\u0161 softver u stvarnom vremenu analizira video snimke nadzornih kamera, otkrivaju\u0107i sumnjive geste povezane s kra\u0111ama. Kada se detektira potencijalni poku\u0161aj kra\u0111e, trgovac odmah prima obavijest na odabrani pametni telefon. Ova pravovremena reakcija omogu\u0107uje sprje\u010davanje gubitaka \u2013 po\u010dinitelj mora platiti ili vratiti proizvod.<\/p>\t\t\t\t\t\t\t\t<\/div>\n\t\t\t\t<\/div>\n\t\t\t\t<section class=\"elementor-section elementor-inner-section elementor-element elementor-element-587c0d elementor-section-boxed elementor-section-height-default elementor-section-height-default\" data-id=\"587c0d\" data-element_type=\"section\">\n\t\t\t\t\t\t<div class=\"elementor-container elementor-column-gap-no\">\n\t\t\t\t\t<div class=\"elementor-column elementor-col-33 elementor-inner-column elementor-element elementor-element-49900151\" data-id=\"49900151\" data-element_type=\"column\">\n\t\t\t<div class=\"elementor-widget-wrap elementor-element-populated\">\n\t\t\t\t\t\t<div class=\"elementor-element elementor-element-3e4103f4 animated-fast bdt-icon-type-icon elementor-position-top bdt-icon-effect-none elementor-invisible bdt-background-overlay-yes elementor-widget elementor-widget-bdt-advanced-icon-box\" data-id=\"3e4103f4\" data-element_type=\"widget\" data-settings=\"{&quot;_animation&quot;:&quot;fadeInUp&quot;,&quot;_animation_delay&quot;:600}\" data-widget_type=\"bdt-advanced-icon-box.default\">\n\t\t\t\t<div class=\"elementor-widget-container\">\n\t\t\t\t\t\t\t<div class=\"bdt-ep-advanced-icon-box\">\n\n\t\t\t\t\t\t\t\n\t\t\t\t\t<div class=\"bdt-ep-advanced-icon-box-icon\">\n\t\t\t\t<span class=\"bdt-ep-advanced-icon-box-icon-wrap\">\n\n\n\t\t\t\t\t\n\t\t\t\t\t\t<i aria-hidden=\"true\" class=\"ti ti-download\"><\/i>\n\n\t\t\t\t\t\t\t\t\t<\/span>\n\t\t\t<\/div>\n\t\t\n\t\t\t\t\n\t\t\t<div class=\"bdt-ep-advanced-icon-box-content\">\n\n\t\t\t\t\t\t\t\t\t\n\t\t\t\t\t<h4 class=\"bdt-ep-advanced-icon-box-title ep-title-\">\n\t\t\t\t<span >\n\t\t\t\t\tSmanjenje gubitaka\t\t\t\t<\/span>\n\t\t\t<\/h4>\n\t\t\n\n\t\t\n\t\t\t\t\t\n\t\t\t\t\n\t\t\t\t\t\t\t\t\t<div class=\"bdt-ep-advanced-icon-box-description\">\n\t\t\t\t\t\t<p>Na\u0161a AI tehnologija proaktivno otkriva i sprje\u010dava kra\u0111e, \u010dime smanjuje gubitke u stvarnom vremenu.<\/p>\t\t\t\t\t<\/div>\n\t\t\t\t\n\t\t\t\t\t\t\t<\/div>\n\t\t<\/div>\n\n\t\t\n\t\t\n\t\t\t\t<\/div>\n\t\t\t\t<\/div>\n\t\t\t\t\t<\/div>\n\t\t<\/div>\n\t\t\t\t<div class=\"elementor-column elementor-col-33 elementor-inner-column elementor-element elementor-element-382565a0\" data-id=\"382565a0\" data-element_type=\"column\">\n\t\t\t<div class=\"elementor-widget-wrap elementor-element-populated\">\n\t\t\t\t\t\t<div class=\"elementor-element elementor-element-6350c180 animated-fast bdt-icon-type-icon elementor-position-top bdt-icon-effect-none elementor-invisible bdt-background-overlay-yes elementor-widget elementor-widget-bdt-advanced-icon-box\" data-id=\"6350c180\" data-element_type=\"widget\" data-settings=\"{&quot;_animation&quot;:&quot;fadeInUp&quot;,&quot;_animation_delay&quot;:600}\" data-widget_type=\"bdt-advanced-icon-box.default\">\n\t\t\t\t<div class=\"elementor-widget-container\">\n\t\t\t\t\t\t\t<div class=\"bdt-ep-advanced-icon-box\">\n\n\t\t\t\t\t\t\t\n\t\t\t\t\t<div class=\"bdt-ep-advanced-icon-box-icon\">\n\t\t\t\t<span class=\"bdt-ep-advanced-icon-box-icon-wrap\">\n\n\n\t\t\t\t\t\n\t\t\t\t\t\t<i aria-hidden=\"true\" class=\"ti ti-stats-up\"><\/i>\n\n\t\t\t\t\t\t\t\t\t<\/span>\n\t\t\t<\/div>\n\t\t\n\t\t\t\t\n\t\t\t<div class=\"bdt-ep-advanced-icon-box-content\">\n\n\t\t\t\t\t\t\t\t\t\n\t\t\t\t\t<h4 class=\"bdt-ep-advanced-icon-box-title ep-title-\">\n\t\t\t\t<span >\n\t\t\t\t\tPove\u0107anje stope konverzije\t\t\t\t<\/span>\n\t\t\t<\/h4>\n\t\t\n\n\t\t\n\t\t\t\t\t\n\t\t\t\t\n\t\t\t\t\t\t\t\t\t<div class=\"bdt-ep-advanced-icon-box-description\">\n\t\t\t\t\t\t<p>Fizi\u010dke trgovine \u010desto privla\u010de kupce koji su ve\u0107 kvalificirani za kupovinu. Uz pobolj\u0161ano iskustvo kupnje, ovi posjetitelji postaju lojalni kupci, donose\u0107i dugoro\u010dne koristi.<\/p>\t\t\t\t\t<\/div>\n\t\t\t\t\n\t\t\t\t\t\t\t<\/div>\n\t\t<\/div>\n\n\t\t\n\t\t\n\t\t\t\t<\/div>\n\t\t\t\t<\/div>\n\t\t\t\t\t<\/div>\n\t\t<\/div>\n\t\t\t\t<div class=\"elementor-column elementor-col-33 elementor-inner-column elementor-element elementor-element-53ae57dd\" data-id=\"53ae57dd\" data-element_type=\"column\">\n\t\t\t<div class=\"elementor-widget-wrap elementor-element-populated\">\n\t\t\t\t\t\t<div class=\"elementor-element elementor-element-a2768d8 animated-fast bdt-icon-type-icon elementor-position-top bdt-icon-effect-none elementor-invisible bdt-background-overlay-yes elementor-widget elementor-widget-bdt-advanced-icon-box\" data-id=\"a2768d8\" data-element_type=\"widget\" data-settings=\"{&quot;_animation&quot;:&quot;fadeInUp&quot;,&quot;_animation_delay&quot;:600}\" data-widget_type=\"bdt-advanced-icon-box.default\">\n\t\t\t\t<div class=\"elementor-widget-container\">\n\t\t\t\t\t\t\t<div class=\"bdt-ep-advanced-icon-box\">\n\n\t\t\t\t\t\t\t\n\t\t\t\t\t<div class=\"bdt-ep-advanced-icon-box-icon\">\n\t\t\t\t<span class=\"bdt-ep-advanced-icon-box-icon-wrap\">\n\n\n\t\t\t\t\t\n\t\t\t\t\t\t<i aria-hidden=\"true\" class=\"ti ti-cloud-down\"><\/i>\n\n\t\t\t\t\t\t\t\t\t<\/span>\n\t\t\t<\/div>\n\t\t\n\t\t\t\t\n\t\t\t<div class=\"bdt-ep-advanced-icon-box-content\">\n\n\t\t\t\t\t\t\t\t\t\n\t\t\t\t\t<h4 class=\"bdt-ep-advanced-icon-box-title ep-title-\">\n\t\t\t\t<span >\n\t\t\t\t\tJednostavna integracija\t\t\t\t<\/span>\n\t\t\t<\/h4>\n\t\t\n\n\t\t\n\t\t\t\t\t\n\t\t\t\t\n\t\t\t\t\t\t\t\t\t<div class=\"bdt-ep-advanced-icon-box-description\">\n\t\t\t\t\t\t<p>Na\u0161a rje\u0161enja lako se prilago\u0111avaju va\u0161em postoje\u0107em sustavu nadzora, bez potrebe za dodatnim ulaganjima u opremu.<\/p>\t\t\t\t\t<\/div>\n\t\t\t\t\n\t\t\t\t\t\t\t<\/div>\n\t\t<\/div>\n\n\t\t\n\t\t\n\t\t\t\t<\/div>\n\t\t\t\t<\/div>\n\t\t\t\t\t<\/div>\n\t\t<\/div>\n\t\t\t\t\t<\/div>\n\t\t<\/section>\n\t\t\t\t\t<\/div>\n\t\t<\/div>\n\t\t\t\t\t<\/div>\n\t\t<\/div>\n\t\t\t\t<section class=\"elementor-section elementor-top-section elementor-element elementor-element-186aa36a elementor-section-boxed elementor-section-height-default elementor-section-height-default\" data-id=\"186aa36a\" data-element_type=\"section\">\n\t\t\t\t\t\t<div class=\"elementor-container elementor-column-gap-default\">\n\t\t\t\t\t<div class=\"elementor-column elementor-col-100 elementor-top-column elementor-element elementor-element-66037e6a ui-col-align-right\" data-id=\"66037e6a\" data-element_type=\"column\">\n\t\t\t<div class=\"elementor-widget-wrap elementor-element-populated\">\n\t\t\t\t\t\t<div class=\"elementor-element elementor-element-2478be1b elementor-invisible elementor-widget elementor-widget-heading\" data-id=\"2478be1b\" data-element_type=\"widget\" data-settings=\"{&quot;_animation&quot;:&quot;fadeInUp&quot;,&quot;_animation_delay&quot;:500}\" data-widget_type=\"heading.default\">\n\t\t\t\t<div class=\"elementor-widget-container\">\n\t\t\t\t\t<h2 class=\"elementor-heading-title elementor-size-default\">Za\u0161to odabrati Anatec Solutions?<\/h2>\t\t\t\t<\/div>\n\t\t\t\t<\/div>\n\t\t\t\t<div class=\"elementor-element elementor-element-28df8a0 elementor-widget-tablet__width-initial elementor-widget-mobile__width-inherit animated-fast elementor-invisible elementor-widget elementor-widget-text-editor\" data-id=\"28df8a0\" data-element_type=\"widget\" data-settings=\"{&quot;_animation&quot;:&quot;fadeInUp&quot;,&quot;_animation_delay&quot;:900}\" data-widget_type=\"text-editor.default\">\n\t\t\t\t<div class=\"elementor-widget-container\">\n\t\t\t\t\t\t\t\t\t<p>Uz na\u0161e inovativne tehnologije, maloprodajne trgovine dobivaju alate za:<\/p><ul><li>Pobolj\u0161anje sigurnosti.<\/li><li>Optimizaciju kupovnog procesa.<\/li><li>Maksimalno iskori\u0161tavanje potencijala postoje\u0107ih resursa.<\/li><\/ul><p>Pove\u017eite se s nama i saznajte kako vam mo\u017eemo pomo\u0107i pove\u0107ati profitabilnost i zadovoljstvo kupaca.<\/p>\t\t\t\t\t\t\t\t<\/div>\n\t\t\t\t<\/div>\n\t\t\t\t\t<\/div>\n\t\t<\/div>\n\t\t\t\t\t<\/div>\n\t\t<\/section>\n\t\t\t\t<\/div>\n\t\t","protected":false},"excerpt":{"rendered":"<p>O Nama Anatec Solutions \u2013 Pametna rje\u0161enja za modernu maloprodaju U Anatec Solutions vjerujemo da tehnologija mo\u017ee unaprijediti maloprodaju na svaki mogu\u0107i [&hellip;]<\/p>\n","protected":false},"author":1,"featured_media":0,"parent":0,"menu_order":0,"comment_status":"closed","ping_status":"closed","template":"","meta":{"footnotes":""},"class_list":["post-384","page","type-page","status-publish","hentry"],"yoast_head":"<!-- This site is optimized with the Yoast SEO plugin v24.5 - https:\/\/yoast.com\/wordpress\/plugins\/seo\/ -->\n<title>O Nama - Anatec Solutions<\/title>\n<meta name=\"robots\" content=\"index, follow, max-snippet:-1, max-image-preview:large, max-video-preview:-1\" \/>\n<link rel=\"canonical\" href=\"https:\/\/anatecsolutions.hr\/index.php\/o-nama\/\" \/>\n<meta property=\"og:locale\" content=\"en_US\" \/>\n<meta property=\"og:type\" content=\"article\" \/>\n<meta property=\"og:title\" content=\"O Nama - Anatec Solutions\" \/>\n<meta property=\"og:description\" content=\"O Nama Anatec Solutions \u2013 Pametna rje\u0161enja za modernu maloprodaju U Anatec Solutions vjerujemo da tehnologija mo\u017ee unaprijediti maloprodaju na svaki mogu\u0107i [&hellip;]\" \/>\n<meta property=\"og:url\" content=\"https:\/\/anatecsolutions.hr\/index.php\/o-nama\/\" \/>\n<meta property=\"og:site_name\" content=\"Anatec Solutions\" \/>\n<meta property=\"article:modified_time\" content=\"2025-02-15T18:33:21+00:00\" \/>\n<meta property=\"og:image\" content=\"https:\/\/anatecsolutions.hr\/wp-content\/uploads\/2025\/02\/anatec-solutions-o-nama-1.webp\" \/>\n\t<meta property=\"og:image:width\" content=\"1000\" \/>\n\t<meta property=\"og:image:height\" content=\"700\" \/>\n\t<meta property=\"og:image:type\" content=\"image\/webp\" \/>\n<meta name=\"twitter:card\" content=\"summary_large_image\" \/>\n<meta name=\"twitter:label1\" content=\"Est. reading time\" \/>\n\t<meta name=\"twitter:data1\" content=\"1 minute\" \/>\n<script type=\"application\/ld+json\" class=\"yoast-schema-graph\">{\"@context\":\"https:\/\/schema.org\",\"@graph\":[{\"@type\":\"WebPage\",\"@id\":\"https:\/\/anatecsolutions.hr\/index.php\/o-nama\/\",\"url\":\"https:\/\/anatecsolutions.hr\/index.php\/o-nama\/\",\"name\":\"O Nama - Anatec Solutions\",\"isPartOf\":{\"@id\":\"https:\/\/anatecsolutions.hr\/#website\"},\"primaryImageOfPage\":{\"@id\":\"https:\/\/anatecsolutions.hr\/index.php\/o-nama\/#primaryimage\"},\"image\":{\"@id\":\"https:\/\/anatecsolutions.hr\/index.php\/o-nama\/#primaryimage\"},\"thumbnailUrl\":\"https:\/\/anatecsolutions.hr\/wp-content\/uploads\/2025\/02\/anatec-solutions-o-nama-1.webp\",\"datePublished\":\"2025-01-15T17:46:49+00:00\",\"dateModified\":\"2025-02-15T18:33:21+00:00\",\"breadcrumb\":{\"@id\":\"https:\/\/anatecsolutions.hr\/index.php\/o-nama\/#breadcrumb\"},\"inLanguage\":\"en-US\",\"potentialAction\":[{\"@type\":\"ReadAction\",\"target\":[\"https:\/\/anatecsolutions.hr\/index.php\/o-nama\/\"]}]},{\"@type\":\"ImageObject\",\"inLanguage\":\"en-US\",\"@id\":\"https:\/\/anatecsolutions.hr\/index.php\/o-nama\/#primaryimage\",\"url\":\"https:\/\/anatecsolutions.hr\/wp-content\/uploads\/2025\/02\/anatec-solutions-o-nama-1.webp\",\"contentUrl\":\"https:\/\/anatecsolutions.hr\/wp-content\/uploads\/2025\/02\/anatec-solutions-o-nama-1.webp\",\"width\":1000,\"height\":700},{\"@type\":\"BreadcrumbList\",\"@id\":\"https:\/\/anatecsolutions.hr\/index.php\/o-nama\/#breadcrumb\",\"itemListElement\":[{\"@type\":\"ListItem\",\"position\":1,\"name\":\"Home\",\"item\":\"https:\/\/anatecsolutions.hr\/\"},{\"@type\":\"ListItem\",\"position\":2,\"name\":\"O Nama\"}]},{\"@type\":\"WebSite\",\"@id\":\"https:\/\/anatecsolutions.hr\/#website\",\"url\":\"https:\/\/anatecsolutions.hr\/\",\"name\":\"Anatec Solutions\",\"description\":\"\",\"publisher\":{\"@id\":\"https:\/\/anatecsolutions.hr\/#organization\"},\"potentialAction\":[{\"@type\":\"SearchAction\",\"target\":{\"@type\":\"EntryPoint\",\"urlTemplate\":\"https:\/\/anatecsolutions.hr\/?s={search_term_string}\"},\"query-input\":{\"@type\":\"PropertyValueSpecification\",\"valueRequired\":true,\"valueName\":\"search_term_string\"}}],\"inLanguage\":\"en-US\"},{\"@type\":\"Organization\",\"@id\":\"https:\/\/anatecsolutions.hr\/#organization\",\"name\":\"Anatec Solutions\",\"url\":\"https:\/\/anatecsolutions.hr\/\",\"logo\":{\"@type\":\"ImageObject\",\"inLanguage\":\"en-US\",\"@id\":\"https:\/\/anatecsolutions.hr\/#\/schema\/logo\/image\/\",\"url\":\"https:\/\/anatecsolutions.hr\/wp-content\/uploads\/2025\/02\/anatec-solutions-logo-2.webp\",\"contentUrl\":\"https:\/\/anatecsolutions.hr\/wp-content\/uploads\/2025\/02\/anatec-solutions-logo-2.webp\",\"width\":500,\"height\":170,\"caption\":\"Anatec Solutions\"},\"image\":{\"@id\":\"https:\/\/anatecsolutions.hr\/#\/schema\/logo\/image\/\"}}]}<\/script>\n<!-- \/ Yoast SEO plugin. -->","yoast_head_json":{"title":"O Nama - Anatec Solutions","robots":{"index":"index","follow":"follow","max-snippet":"max-snippet:-1","max-image-preview":"max-image-preview:large","max-video-preview":"max-video-preview:-1"},"canonical":"https:\/\/anatecsolutions.hr\/index.php\/o-nama\/","og_locale":"en_US","og_type":"article","og_title":"O Nama - Anatec Solutions","og_description":"O Nama Anatec Solutions \u2013 Pametna rje\u0161enja za modernu maloprodaju U Anatec Solutions vjerujemo da tehnologija mo\u017ee unaprijediti maloprodaju na svaki mogu\u0107i [&hellip;]","og_url":"https:\/\/anatecsolutions.hr\/index.php\/o-nama\/","og_site_name":"Anatec Solutions","article_modified_time":"2025-02-15T18:33:21+00:00","og_image":[{"width":1000,"height":700,"url":"https:\/\/anatecsolutions.hr\/wp-content\/uploads\/2025\/02\/anatec-solutions-o-nama-1.webp","type":"image\/webp"}],"twitter_card":"summary_large_image","twitter_misc":{"Est. reading time":"1 minute"},"schema":{"@context":"https:\/\/schema.org","@graph":[{"@type":"WebPage","@id":"https:\/\/anatecsolutions.hr\/index.php\/o-nama\/","url":"https:\/\/anatecsolutions.hr\/index.php\/o-nama\/","name":"O Nama - Anatec Solutions","isPartOf":{"@id":"https:\/\/anatecsolutions.hr\/#website"},"primaryImageOfPage":{"@id":"https:\/\/anatecsolutions.hr\/index.php\/o-nama\/#primaryimage"},"image":{"@id":"https:\/\/anatecsolutions.hr\/index.php\/o-nama\/#primaryimage"},"thumbnailUrl":"https:\/\/anatecsolutions.hr\/wp-content\/uploads\/2025\/02\/anatec-solutions-o-nama-1.webp","datePublished":"2025-01-15T17:46:49+00:00","dateModified":"2025-02-15T18:33:21+00:00","breadcrumb":{"@id":"https:\/\/anatecsolutions.hr\/index.php\/o-nama\/#breadcrumb"},"inLanguage":"en-US","potentialAction":[{"@type":"ReadAction","target":["https:\/\/anatecsolutions.hr\/index.php\/o-nama\/"]}]},{"@type":"ImageObject","inLanguage":"en-US","@id":"https:\/\/anatecsolutions.hr\/index.php\/o-nama\/#primaryimage","url":"https:\/\/anatecsolutions.hr\/wp-content\/uploads\/2025\/02\/anatec-solutions-o-nama-1.webp","contentUrl":"https:\/\/anatecsolutions.hr\/wp-content\/uploads\/2025\/02\/anatec-solutions-o-nama-1.webp","width":1000,"height":700},{"@type":"BreadcrumbList","@id":"https:\/\/anatecsolutions.hr\/index.php\/o-nama\/#breadcrumb","itemListElement":[{"@type":"ListItem","position":1,"name":"Home","item":"https:\/\/anatecsolutions.hr\/"},{"@type":"ListItem","position":2,"name":"O Nama"}]},{"@type":"WebSite","@id":"https:\/\/anatecsolutions.hr\/#website","url":"https:\/\/anatecsolutions.hr\/","name":"Anatec Solutions","description":"","publisher":{"@id":"https:\/\/anatecsolutions.hr\/#organization"},"potentialAction":[{"@type":"SearchAction","target":{"@type":"EntryPoint","urlTemplate":"https:\/\/anatecsolutions.hr\/?s={search_term_string}"},"query-input":{"@type":"PropertyValueSpecification","valueRequired":true,"valueName":"search_term_string"}}],"inLanguage":"en-US"},{"@type":"Organization","@id":"https:\/\/anatecsolutions.hr\/#organization","name":"Anatec Solutions","url":"https:\/\/anatecsolutions.hr\/","logo":{"@type":"ImageObject","inLanguage":"en-US","@id":"https:\/\/anatecsolutions.hr\/#\/schema\/logo\/image\/","url":"https:\/\/anatecsolutions.hr\/wp-content\/uploads\/2025\/02\/anatec-solutions-logo-2.webp","contentUrl":"https:\/\/anatecsolutions.hr\/wp-content\/uploads\/2025\/02\/anatec-solutions-logo-2.webp","width":500,"height":170,"caption":"Anatec Solutions"},"image":{"@id":"https:\/\/anatecsolutions.hr\/#\/schema\/logo\/image\/"}}]}},"_links":{"self":[{"href":"https:\/\/anatecsolutions.hr\/index.php\/wp-json\/wp\/v2\/pages\/384","targetHints":{"allow":["GET"]}}],"collection":[{"href":"https:\/\/anatecsolutions.hr\/index.php\/wp-json\/wp\/v2\/pages"}],"about":[{"href":"https:\/\/anatecsolutions.hr\/index.php\/wp-json\/wp\/v2\/types\/page"}],"author":[{"embeddable":true,"href":"https:\/\/anatecsolutions.hr\/index.php\/wp-json\/wp\/v2\/users\/1"}],"replies":[{"embeddable":true,"href":"https:\/\/anatecsolutions.hr\/index.php\/wp-json\/wp\/v2\/comments?post=384"}],"version-history":[{"count":22,"href":"https:\/\/anatecsolutions.hr\/index.php\/wp-json\/wp\/v2\/pages\/384\/revisions"}],"predecessor-version":[{"id":516,"href":"https:\/\/anatecsolutions.hr\/index.php\/wp-json\/wp\/v2\/pages\/384\/revisions\/516"}],"wp:attachment":[{"href":"https:\/\/anatecsolutions.hr\/index.php\/wp-json\/wp\/v2\/media?parent=384"}],"curies":[{"name":"wp","href":"https:\/\/api.w.org\/{rel}","templated":true}]}}